{"id":2616,"date":"2023-07-18T12:21:00","date_gmt":"2023-07-18T10:21:00","guid":{"rendered":"https:\/\/fundacionodsaccio.org\/politica-de-privacidad\/"},"modified":"2024-04-26T16:58:49","modified_gmt":"2024-04-26T14:58:49","slug":"politica-de-privacidad","status":"publish","type":"page","link":"https:\/\/fundacionodsaccio.org\/en\/politica-de-privacidad\/","title":{"rendered":"Privacy policy"},"content":{"rendered":"\t\t<div data-elementor-type=\"wp-page\" data-elementor-id=\"2616\" class=\"elementor elementor-2616 elementor-9\" data-elementor-post-type=\"page\">\n\t\t\t\t<div class=\"elementor-element elementor-element-fa8bc62 animated-slow e-flex e-con-boxed elementor-invisible e-con e-parent\" data-id=\"fa8bc62\" data-element_type=\"container\" data-e-type=\"container\" data-settings=\"{&quot;background_background&quot;:&quot;gradient&quot;,&quot;animation&quot;:&quot;fadeIn&quot;}\">\n\t\t\t\t\t<div class=\"e-con-inner\">\n\t\t<div class=\"elementor-element elementor-element-7857071 e-con-full e-flex e-con e-child\" data-id=\"7857071\" data-element_type=\"container\" data-e-type=\"container\">\n\t\t\t\t<div class=\"elementor-element elementor-element-4fe6459 elementor-widget elementor-widget-heading\" data-id=\"4fe6459\" data-element_type=\"widget\" data-e-type=\"widget\" data-widget_type=\"heading.default\">\n\t\t\t\t<div class=\"elementor-widget-container\">\n\t\t\t\t\t<h2 class=\"elementor-heading-title elementor-size-default\">Privacy policy<\/h2>\t\t\t\t<\/div>\n\t\t\t\t<\/div>\n\t\t\t\t<\/div>\n\t\t\t\t\t<\/div>\n\t\t\t\t<\/div>\n\t\t<div class=\"elementor-element elementor-element-481aeff animated-slow e-flex e-con-boxed elementor-invisible e-con e-parent\" data-id=\"481aeff\" data-element_type=\"container\" data-e-type=\"container\" data-settings=\"{&quot;background_background&quot;:&quot;classic&quot;,&quot;animation&quot;:&quot;fadeIn&quot;}\">\n\t\t\t\t\t<div class=\"e-con-inner\">\n\t\t<div class=\"elementor-element elementor-element-c4deb8e e-con-full e-flex e-con e-child\" data-id=\"c4deb8e\" data-element_type=\"container\" data-e-type=\"container\">\n\t\t\t\t<div class=\"elementor-element elementor-element-5a81a9a elementor-widget elementor-widget-text-editor\" data-id=\"5a81a9a\" data-element_type=\"widget\" data-e-type=\"widget\" data-widget_type=\"text-editor.default\">\n\t\t\t\t<div class=\"elementor-widget-container\">\n\t\t\t\t\t\t\t\t\t<h2>1. Datos del responsable del fichero <\/h2>\n<p>Identidad: FUNDACI\u00d3N ODS ACCI\u00d3\u2013 CIF: G13770581 <\/p>\n<p>Direcci\u00f3n\/C. P: Calle Gran de Gr\u00e0cia 1, 4\u00ba 3\u00aa, 08012 BARCELONA <\/p>\n<p>Tel\u00e9fono: 930 23 91 26 <\/p>\n<p>Email: info@fundacionodsaccio.org<\/p>\n<\/p>\n<h2>2. Finalidades del tratamiento <\/h2>\n<p>Le informamos que los datos que nos facilite por cualquier medio (p\u00e1gina web, correo electr\u00f3nico, formularios en papel, y\/o cualquier otro documento) ser\u00e1n incorporados un fichero titularidad de FUNDACI\u00d3N ODS ACCI\u00d3<\/p>\n<p>FUNDACI\u00d3N ODS ACCI\u00d3 tratar\u00e1 la informaci\u00f3n que nos proporcionan las personas interesadas con las siguientes finalidades: <\/p>\n<p>Gestionar cualquier tipo de solicitud, sugerencia o petici\u00f3n sobre nuestros servicios profesionales que nos formulen las personas interesadas. <\/p>\n<p>Comunicaciones comerciales: Tratamiento de sus datos con la finalidad de informarle sobre actividades, art\u00edculos de inter\u00e9s e informaci\u00f3n general sobre nuestros servicios v\u00eda correo electr\u00f3nico. <\/p>\n<p>Gestionar datos aportados por los candidatos a un puesto de trabajo a trav\u00e9s el Curr\u00edculum Vitae (CV): o en el formulario facilitado en la secci\u00f3n \u201cTrabaja con nosotros\u201d, con la finalidad de proceso de selecci\u00f3n y reclutamiento. Usted autoriza expresamente a FUNDACI\u00d3N ODS ACCI\u00d3 para que proceda al tratamiento de sus datos para la finalidad indicada. FUNDACI\u00d3N ODS ACCI\u00d3 tratar\u00e1 sus datos e informaci\u00f3n aportada para los procesos de selecci\u00f3n con la m\u00e1s estricta confidencialidad, adoptando para ello las medidas t\u00e9cnicas y organizativas necesarias para evitar la p\u00e9rdida, mal uso, alteraci\u00f3n y\/o acceso no autorizado. Conservaci\u00f3n de los datos: Asimismo le informamos que FUNDACI\u00d3N ODS ACCI\u00d3 podr\u00e1 conservar su Curr\u00edculum Vitae por el plazo m\u00e1ximo de dos a\u00f1os, concluido dicho plazo de proceder\u00e1 autom\u00e1ticamente a su destrucci\u00f3n, en cumplimiento del principio de calidad del dato. <\/p>\n<p>Remisi\u00f3n de comunicaciones promocionales v\u00eda electr\u00f3nica y de newsletters: Tratamiento de sus datos con la finalidad de informarle sobre nuestros servicios, ofertas, promociones y art\u00edculos o contenido (newsletter, e-book), que puedan resultar de su inter\u00e9s, v\u00eda electr\u00f3nica (e-mail, SMS, Whatsapp) y\/o telef\u00f3nica. <\/p>\n<p>Las personas interesadas podr\u00e1n darse de baja de estas comunicaciones en la siguiente direcci\u00f3n de correo electr\u00f3nico: info@fundacionodsaccio.org. <\/p>\n<h2>3. Legitimaci\u00f3n <\/h2>\n<p>La base legal para el tratamiento de los datos es el consentimiento de las personas interesadas para la tramitaci\u00f3n y gesti\u00f3n de cualquier solicitud de informaci\u00f3n o consulta sobre nuestros servicios profesionales, as\u00ed como para el env\u00edo de comunicaciones comerciales llevadas a cabo por FUNDACI\u00d3N ODS ACCI\u00d3<\/p>\n<h2>4. \u00bfC\u00f3mo obtenemos sus datos? <\/h2>\n<p>FUNDACI\u00d3N ODS ACCI\u00d3 obtiene sus datos por las siguientes fuentes: <\/p>\n<p>Cuando el usuario contacte con Comet con prop\u00f3sitos de solicitud de informaci\u00f3n, sugerencia o petici\u00f3n <\/p>\n<p>Cuando el usuario contacte con Comet con prop\u00f3sitos de transmitir su CV para aplicar a un puesto de trabajo <\/p>\n<p>En particular, los datos que trataremos incluyen las siguientes categor\u00edas: datos de car\u00e1cter identificativo, datos referentes a sus caracter\u00edsticas personales y circunstancias sociales, datos acad\u00e9micos y profesionales, informaci\u00f3n comercial. <\/p>\n<h2>5. \u00bfDurante cu\u00e1nto tiempo conservaremos sus datos? <\/h2>\n<p>Trataremos sus datos personales mientras sean necesarios para la finalidad para la cual fueron recabados. Si cancela todos los contratos, usted podr\u00e1: <\/p>\n<p>Mantener el consentimiento para desarrollar acciones comerciales: trataremos sus datos para las acciones comerciales que haya consentido. Consideraremos que ha elegido esta opci\u00f3n si no revoca el consentimiento expresamente. <\/p>\n<p>Revocar el consentimiento para desarrollar acciones comerciales: cancelaremos sus datos mediante el bloqueo de los mismos. <\/p>\n<p>Con este bloqueo, FUNDACI\u00d3N ODS ACCI\u00d3 no tendr\u00e1 acceso a sus datos y solo los tratar\u00e1 para su puesta a disposici\u00f3n a las Administraciones P\u00fablicas competentes, Jueces y Tribunales o el Ministerio Fiscal, para la atenci\u00f3n de las posibles responsabilidades relacionadas con el tratamiento de los datos, en particular para el ejercicio y defensa de reclamaciones ante la Agencia Espa\u00f1ola de Protecci\u00f3n de Datos. Conservaremos sus datos bloqueados durante los plazos previstos en las disposiciones aplicables o, en su caso, en las relaciones contractuales mantenidas con FUNDACI\u00d3N ODS ACCI\u00d3, procediendo a la supresi\u00f3n f\u00edsica de sus datos una vez transcurridos dichos plazos. <\/p>\n<h2>6. Destinatarios <\/h2>\n<p>No se ceden datos de car\u00e1cter personal a terceros, salvo disposici\u00f3n legal. Tampoco se realizan transferencias internacionales datos a terceros pa\u00edses. <\/p>\n<p>Como encargados de tratamiento, tenemos contratados a los siguientes proveedores de servicios, habi\u00e9ndose comprometido al cumplimiento de las disposiciones normativas, de aplicaci\u00f3n en materia de protecci\u00f3n de datos, en el momento de su contrataci\u00f3n: <\/p>\n<p>Organismos P\u00fablicos, Agencia Tributaria, Jueces y Tribunales y, en general, Autoridades competentes, cuando FUNDACI\u00d3N ODS ACCI\u00d3 tenga la obligaci\u00f3n legal de facilitarlos. <\/p>\n<p>Google LLC, con domicilio en 1600 Amphitheatre Parkway, 94043, Mountain View (California), Estados Unidos, que presta los servicios de gesti\u00f3n de anal\u00edticas. <br \/>Se puede consultar la pol\u00edtica de privacidad y dem\u00e1s aspectos legales de dicha compa\u00f1\u00eda en el siguiente enlace: <a href=\"https:\/\/www.google.com\/intl\/es\/policies\/privacy\/\" target=\"_blank\" rel=\"noopener\">https:\/\/www.google.com\/intl\/es\/policies\/privacy\/ <br \/><\/a>Google participa y ha certificado su cumplimiento con el marco del acuerdo entre EE.UU. y la Uni\u00f3n Europea denominado Privacy Shield, habi\u00e9ndose comprometido a someter toda la informaci\u00f3n personal recibida de pa\u00edses miembros de la Uni\u00f3n Europea a los principios derivados del Privacy Shield. <br \/>Puedes obtener m\u00e1s informaci\u00f3n acerca del Privacy Shield en la web del Departamento de Comercio de los EE.UU.: <a href=\"https:\/\/www.privacyshield.gov\/welcome\" target=\"_blank\" rel=\"noopener\">https:\/\/www.privacyshield.gov\/welcome <br \/><\/a>Asimismo, puedes comprobar la adhesi\u00f3n de Google al Privacy Shield en el siguiente enlace: <a href=\"https:\/\/www.privacyshield.gov\/participant?id=a2zt000000001L5AAI&amp;status=Active\" target=\"_blank\" rel=\"noopener\">https:\/\/www.privacyshield.gov\/participant?id=a2zt000000001L5AAI&amp;status=Active<\/a> <\/p>\n<p>Twitter, con domicilio en 1355 Market Street, Suite 900 San Francisco, CA 94103. Se puede consultar la pol\u00edtica de privacidad y dem\u00e1s aspectos legales de dicha compa\u00f1\u00eda en el siguiente enlace: <a href=\"https:\/\/twitter.com\/es\/privacy\" target=\"_blank\" rel=\"noopener\">https:\/\/twitter.com\/es\/privacy <br \/><\/a>Twitter participa y ha certificado su cumplimiento con el marco del acuerdo entre EE.UU. y la Uni\u00f3n Europea denominado Privacy Shield, habi\u00e9ndose comprometido a someter toda la informaci\u00f3n personal recibida de pa\u00edses miembros de la Uni\u00f3n Europea a los principios derivados del Privacy Shield. <br \/>Puedes obtener m\u00e1s informaci\u00f3n acerca del Privacy Shield en la web del Departamento de Comercio de los EE.UU.: <a href=\"https:\/\/www.privacyshield.gov\/welcome\" target=\"_blank\" rel=\"noopener\">https:\/\/www.privacyshield.gov\/welcome<\/a> <\/p>\n<p>LinkedIn, con domicilio en Paseo Castellana, 202, MADRID, MADRID. Puede consultarse la pol\u00edtica de privacidad en: <a href=\"https:\/\/es.linkedin.com\/legal\/privacy-policy\" target=\"_blank\" rel=\"noopener\">https:\/\/es.linkedin.com\/legal\/privacy-policy<\/a>. LinkedIn participa y ha certificado su cumplimiento con el marco del acuerdo entre EE.UU. y la Uni\u00f3n Europea denominado Privacy Shield, habi\u00e9ndose comprometido a someter toda la informaci\u00f3n personal recibida de pa\u00edses miembros de la Uni\u00f3n Europea a los principios derivados del Privacy Shield. <br \/>Puedes obtener m\u00e1s informaci\u00f3n acerca del Privacy Shield en la web <\/p>\n<p>CloudFlare, con domicilio en. The Riverside Building, County Hall, <br \/>Belvedere Road <br \/>London, SE1 7PB Puede consultarse la pol\u00edtica de privacidad en: <a href=\"https:\/\/www.cloudflare.com\/es-es\/privacypolicy\/\" target=\"_blank\" rel=\"noopener\">https:\/\/www.cloudflare.com\/es-es\/privacypolicy\/<\/a> Cloudflare participa y ha certificado su cumplimiento con el marco del acuerdo entre EE.UU. y la Uni\u00f3n Europea denominado Privacy Shield, habi\u00e9ndose comprometido a someter toda la informaci\u00f3n personal recibida de pa\u00edses miembros de la Uni\u00f3n Europea a los principios derivados del Privacy Shield. <br \/>Puedes obtener m\u00e1s informaci\u00f3n acerca del Privacy Shield en la web <\/p>\n<p>Microsoft, con domicilio en 1065 La Avenida St, Mountain View, CA 94043, Estados Unidos Puede consultarse la pol\u00edtica de privacidad en: <a href=\"https:\/\/privacy.microsoft.com\/es-es\/privacystatement\" target=\"_blank\" rel=\"noopener\">https:\/\/privacy.microsoft.com\/es-es\/privacystatement<\/a>. Microsoft participa y ha certificado su cumplimiento con el marco del acuerdo entre EE.UU. y la Uni\u00f3n Europea denominado Privacy Shield, habi\u00e9ndose comprometido a someter toda la informaci\u00f3n personal recibida de pa\u00edses miembros de la Uni\u00f3n Europea a los principios derivados del Privacy Shield. <br \/>Puedes obtener m\u00e1s informaci\u00f3n acerca del Privacy Shield en la web <\/p>\n<p>RAIOLA NETWORKS, S.L., con C.I.F.: B27453489 y domicilio en Avda. de Magoi, 66, SS, Dcha., C.P. 27002 Lugo (Lugo). Presta los servicios de alojamiento de servidor web y correo electr\u00f3nico. Se puede consultar la pol\u00edtica de privacidad y dem\u00e1s aspectos legales de dicha compa\u00f1\u00eda en el siguiente enlace: <a href=\"https:\/\/raiolanetworks.es\/politica-de-privacidad\/\" target=\"_blank\" rel=\"noopener\">https:\/\/raiolanetworks.es\/politica-de-privacidad\/<\/a>  <\/p>\n<p>.  <\/p>\n<p>FUNDACI\u00d3N ODS ACCI\u00d3 sigue unos criterios estrictos de selecci\u00f3n de proveedores de servicios con el fin de dar cumplimiento a sus obligaciones en materia de protecci\u00f3n de datos y se compromete a suscribir con ellos el correspondiente contrato de tratamiento de datos mediante el que les impondr\u00e1, entre otras, las siguientes obligaciones: aplicar medidas t\u00e9cnicas y organizativas apropiadas; tratar los datos personales para las finalidades pactadas y atendiendo \u00fanicamente a las instrucciones documentadas de FUNDACI\u00d3N ODS ACCI\u00d3 ; y suprimir o devolver los datos a FUNDACI\u00d3N ODS ACCI\u00d3 una vez finalice la prestaci\u00f3n de los servicios. <\/p>\n<h2>7. Procedencia <\/h2>\n<p>Los datos de car\u00e1cter personal se obtienen directamente de las personas interesadas y de nuestros colaboradores. Las categor\u00edas de datos de car\u00e1cter personal que nos proporciona nuestros colaboradores son las siguientes: <\/p>\n<p>Datos de identificaci\u00f3n. <\/p>\n<p>Direcciones postales o electr\u00f3nicas. <\/p>\n<p>Datos bancarios. <\/p>\n<p>No se tratan datos especialmente protegidos. <\/p>\n<h2>8. Derechos <\/h2>\n<p>Derecho de Acceso, Rectificaci\u00f3n y Supresi\u00f3n: Las personas interesadas tienen derecho a obtener confirmaci\u00f3n sobre si en FUNDACI\u00d3N ODS ACCI\u00d3 estamos tratando datos personales que les conciernan, o no. Las personas interesadas tienen derecho a si acceder a sus datos personales, as\u00ed como a solicitar la rectificaci\u00f3n de los datos inexactos o, en su caso, solicitar su supresi\u00f3n cuando, entre otros motivos, los datos ya no sean necesarios para los fines que fueron recogidos. <\/p>\n<p>Derecho a la Limitaci\u00f3n y Oposici\u00f3n: En determinadas circunstancias, los interesados podr\u00e1n solicitar la limitaci\u00f3n del tratamiento de sus datos, en cuyo caso \u00fanicamente los conservaremos para el ejercicio o la defensa de reclamaciones. En determinadas circunstancias y por motivos relacionados con su situaci\u00f3n particular, los interesados podr\u00e1n oponerse al tratamiento de sus datos. FUNDACI\u00d3N ODS ACCI\u00d3 dejar\u00e1 de tratar los datos, salvo por motivos leg\u00edtimos imperiosos, o el ejercicio o la defensa de posibles reclamaciones. Dichos derechos podr\u00e1n ser ejercitados a trav\u00e9s de cualquier medio de comunicaci\u00f3n frente a FUNDACI\u00d3N ODS ACCI\u00d3 en la direcci\u00f3n arriba indicada, adjuntando fotocopia de DNI del titular de los datos o en el e-mail info@fundacionodsaccio.org<\/p>\n<p>Actualizaciones y modificaciones <\/p>\n<p>FUNDACI\u00d3N ODS ACCI\u00d3 se reserva el derecho de modificar y\/o actualizar la informaci\u00f3n sobre protecci\u00f3n de datos cuando sea necesario para el correcto cumplimiento del Reglamento de Protecci\u00f3n de Datos. Si se produjera alguna modificaci\u00f3n, el nuevo texto ser\u00e1 publicado en esta p\u00e1gina, donde podr\u00e1 tener acceso a la pol\u00edtica actual. En cada caso, la relaci\u00f3n con los usuarios se regir\u00e1 por las normas previstas en el momento preciso en que se accede al web. <\/p>\n<p>Canal de comunicaci\u00f3n y soporte <\/p>\n<p>Las personas interesadas podr\u00e1n comunicar cualquier duda sobre el tratamiento de sus datos de car\u00e1cter personal o interpretaci\u00f3n de nuestra pol\u00edtica en la siguiente direcci\u00f3n: info@fundacionodsaccio.org. <\/p>\n<h2>9. Responsabilidad y Obligaciones del prestador <\/h2>\n<p>Responsabilidades con respecto a los contenidos <\/p>\n<p>El contenido de este sitio web es de car\u00e1cter general, as\u00ed como tiene una finalidad y efectos exclusivamente informativos de nuestros servicios y de nuestra actividad empresarial. <\/p>\n<p>FUNDACI\u00d3N ODS ACCI\u00d3 se exime de cualquier responsabilidad respecto a cualquier decisi\u00f3n adoptada por el usuario del sitio web como consecuencia de la informaci\u00f3n contenida en ella. <\/p>\n<p>FUNDACI\u00d3N ODS ACCI\u00d3 rechaza la responsabilidad sobre cualquier informaci\u00f3n no elaborada por FUNDACI\u00d3N ODS ACCI\u00d3 o no publicada de forma autorizada por ella bajo su nombre, al igual que la responsabilidad que se derive de la mala utilizaci\u00f3n de los contenidos, as\u00ed como se reserva el derecho a actualizarlos, a eliminarlos, limitarlos o impedir el acceso a ellos, de manera temporal o definitiva. <\/p>\n<p>Responsabilidad respecto a los enlaces a otras p\u00e1ginas webs (links) <\/p>\n<p>Los enlaces introducidos en www.comet.technology son de car\u00e1cter meramente informativo y, por tanto, FUNDACI\u00d3N ODS ACCI\u00d3 no controla ni verifica ninguna informaci\u00f3n, contenido, productos o servicios facilitados a trav\u00e9s de estos sitios web. En consecuencia, FUNDACI\u00d3N ODS ACCI\u00d3 declina cualquier tipo de responsabilidad por cualquier aspecto, en especial el contenido, relativo a esa p\u00e1gina. <\/p>\n<p>Responsabilidad en el supuesto en que esta p\u00e1gina sea el destino del enlace introducido en otra p\u00e1gina <\/p>\n<p>Por lo que se refiere a los enlaces establecidos por otras p\u00e1ginas a este sitio, as\u00ed como si cualquier usuario, entidad o p\u00e1gina web deseara establecer alg\u00fan tipo de enlace con destino al sitio web de FUNDACI\u00d3N ODS ACCI\u00d3 deber\u00e1 atenerse a las siguientes estipulaciones: <\/p>\n<p>Deber\u00e1 solicitar autorizaci\u00f3n previamente a la realizaci\u00f3n del enlace y deber\u00e1 constar de forma expresa su otorgamiento. S\u00f3lo se podr\u00e1 dirigir a la p\u00e1gina de inicio. <\/p>\n<p>El enlace debe ser absoluto y completo, es decir, debe llevar al usuario a la propia direcci\u00f3n de FUNDACI\u00d3N ODS ACCI\u00d3 debe abarcar completamente toda la extensi\u00f3n de la pantalla de la p\u00e1gina inicial. En ning\u00fan caso, salvo autorizaci\u00f3n expresa y por escrito de FUNDACI\u00d3N ODS ACCI\u00d3 , la p\u00e1gina que realice el enlace podr\u00e1 reproducir de cualquier manera el sitio web de FUNDACI\u00d3N ODS ACCI\u00d3 , incluirlo como parte de su web o dentro de uno de sus frames o crear un browser sobre cualquiera de las p\u00e1ginas del web. <\/p>\n<p>No se dar\u00e1 ning\u00fan tipo de indicaci\u00f3n err\u00f3nea o incorrecta acerca de la p\u00e1gina de FUNDACI\u00d3N ODS ACCI\u00d3<\/p>\n<p>Si quisiera hacer constar alg\u00fan signo distintivo de FUNDACI\u00d3N ODS ACCI \u00d3como marcas, logos, denominaci\u00f3n deber\u00e1 contar con la autorizaci\u00f3n por escrito. <\/p>\n<p>El Titular de la p\u00e1gina que ofrece el enlace deber\u00e1 actuar de buena fe y no pretender\u00e1 afectar negativamente a la reputaci\u00f3n o buen nombre de FUNDACI\u00d3N ODS ACCI\u00d3<\/p>\n<p>Se proh\u00edbe, salvo autorizaci\u00f3n expresa de FUNDACI\u00d3N ODS ACCI\u00d3, dar de alta los elementos de texto de la marca o del logo, el nombre de dominio o la denominaci\u00f3n social de FUNDACI\u00d3N ODS ACCI\u00d3 como palabra clave (metatags o metanames) para la b\u00fasqueda de sitios webs realizada a trav\u00e9s de buscadores. <\/p>\n<p>FUNDACI\u00d3N ODS ACCI\u00d3 no asume ning\u00fan tipo de responsabilidad por cualquier aspecto relativo a la p\u00e1gina web que ofrece el enlace. El establecimiento del enlace no implica la existencia de alg\u00fan tipo de relaci\u00f3n, colaboraci\u00f3n o dependencia de FUNDACI\u00d3N ODS ACCI\u00d3 con el titular de esa p\u00e1gina web. <\/p>\n<p>Responsabilidad aspectos t\u00e9cnicos <\/p>\n<p>FUNDACI\u00d3N ODS ACCI\u00d3 no garantiza la continuidad del funcionamiento del sitio web al igual que el mismo se encuentre en todo momento operativo y disponible. <\/p>\n<p>FUNDACI\u00d3N ODS ACCI\u00d3 no se hace responsable de los da\u00f1os y perjuicios directos o indirectos, incluidos da\u00f1os a sistemas inform\u00e1ticos e introducci\u00f3n de virus existentes en la red, derivados de la navegaci\u00f3n por Internet necesaria para el uso de este sitio web. <\/p>\n<p>Obligaci\u00f3n de los usuarios <\/p>\n<p>El usuario responder\u00e1 de los da\u00f1os y perjuicios que FUNDACI\u00d3N ODS ACCI\u00d3 pueda sufrir como consecuencia del incumplimiento de cualquiera de las obligaciones determinadas en esta nota legal. <\/p>\n<p>Respecto a la navegaci\u00f3n, el usuario se compromete a observar diligente y fielmente las recomendaciones que en su momento establezca FUNDACI\u00d3N ODS ACCI\u00d3 relativa al uso del sitio. A estos efectos FUNDACI\u00d3N ODS ACCI\u00d3 se dirigir\u00e1 a los usuarios mediante cualquier medio de comunicaci\u00f3n a trav\u00e9s del sitio web. <\/p>\n<h2>10. Duraci\u00f3n y Modificaci\u00f3n <\/h2>\n<p>FUNDACI\u00d3N ODS ACCI\u00d3 tendr\u00e1 derecho a modificar los t\u00e9rminos y condiciones aqu\u00ed estipuladas de forma unilateral, total o parcialmente. Cualquier cambio aparecer\u00e1 en la misma forma en que se encuentran en esta nota legal. <\/p>\n<p>La vigencia temporal de esta nota legal coincide, por lo tanto, con el tiempo de su exposici\u00f3n, hasta el momento en que sean modificadas de forma total o parcial por FUNDACI\u00d3N ODS ACCI\u00d3<\/p>\n<p>FUNDACI\u00d3N ODS ACCI\u00d3 podr\u00e1 dar por terminadas, suspender o interrumpir unilateralmente, la operatividad de este sitio web, sin posibilidad de solicitar indemnizaci\u00f3n alguna por parte del usuario. Tras dicha extinci\u00f3n, el usuario deber\u00e1 destruir cualquier informaci\u00f3n sobre la sociedad FUNDACI\u00d3N ODS ACCI\u00d3 que posea en cualquier formato y que haya obtenido a trav\u00e9s del sitio o a trav\u00e9s de las comunicaciones realizadas de forma individual al usuario por la misma. <\/p>\n<h2>11. Legislaci\u00f3n y Jurisdicci\u00f3n <\/h2>\n<p>Estas condiciones de uso se rigen por la legislaci\u00f3n espa\u00f1ola. <\/p>\n<p>Los usuarios y la FUNDACI\u00d3N ODS ACCI\u00d3 someten todas las interpretaciones o conflictos que pudieran surgir derivados de esta nota legal a los Juzgados y Tribunales de Barcelona. <\/p>\n<h2> <\/h2><\/p>\n\t\t\t\t\t\t\t\t<\/div>\n\t\t\t\t<\/div>\n\t\t\t\t<\/div>\n\t\t\t\t\t<\/div>\n\t\t\t\t<\/div>\n\t\t\t\t<\/div>\n\t\t","protected":false},"excerpt":{"rendered":"<p>1. Datos del responsable del fichero Identidad: FUNDACI\u00d3N ODS ACCI\u00d3\u2013 CIF: G13770581 Direcci\u00f3n\/C. P: Calle Gran de Gr\u00e0cia 1, 4\u00ba 3\u00aa, 08012 BARCELONA Tel\u00e9fono: 930 23 91 26 Email: info@fundacionodsaccio.org 2. Finalidades del tratamiento Le informamos que los datos que nos facilite por cualquier medio (p\u00e1gina web, correo electr\u00f3nico, formularios en papel, y\/o cualquier otro [&hellip;]<\/p>\n","protected":false},"author":1,"featured_media":0,"parent":0,"menu_order":0,"comment_status":"closed","ping_status":"closed","template":"","meta":{"_acf_changed":false,"footnotes":""},"class_list":["post-2616","page","type-page","status-publish","hentry"],"acf":[],"_links":{"self":[{"href":"https:\/\/fundacionodsaccio.org\/en\/wp-json\/wp\/v2\/pages\/2616","targetHints":{"allow":["GET"]}}],"collection":[{"href":"https:\/\/fundacionodsaccio.org\/en\/wp-json\/wp\/v2\/pages"}],"about":[{"href":"https:\/\/fundacionodsaccio.org\/en\/wp-json\/wp\/v2\/types\/page"}],"author":[{"embeddable":true,"href":"https:\/\/fundacionodsaccio.org\/en\/wp-json\/wp\/v2\/users\/1"}],"replies":[{"embeddable":true,"href":"https:\/\/fundacionodsaccio.org\/en\/wp-json\/wp\/v2\/comments?post=2616"}],"version-history":[{"count":7,"href":"https:\/\/fundacionodsaccio.org\/en\/wp-json\/wp\/v2\/pages\/2616\/revisions"}],"predecessor-version":[{"id":2635,"href":"https:\/\/fundacionodsaccio.org\/en\/wp-json\/wp\/v2\/pages\/2616\/revisions\/2635"}],"wp:attachment":[{"href":"https:\/\/fundacionodsaccio.org\/en\/wp-json\/wp\/v2\/media?parent=2616"}],"curies":[{"name":"wp","href":"https:\/\/api.w.org\/{rel}","templated":true}]}}